{"id":145,"date":"2022-04-26T16:58:02","date_gmt":"2022-04-26T14:58:02","guid":{"rendered":"https:\/\/iona-wuppertal.de\/iona\/?page_id=145"},"modified":"2022-08-12T13:30:29","modified_gmt":"2022-08-12T11:30:29","slug":"tagesstruktur","status":"publish","type":"page","link":"https:\/\/iona-wuppertal.de\/iona\/tagesstruktur\/","title":{"rendered":"Tagesstruktur"},"content":{"rendered":"\n<style type=\"text\/css\" data-created_by=\"avia_inline_auto\" id=\"style-css-av-jmeo1-d5abd2951c2999aebf266d53aa53f9b9\">\n.avia-section.av-jmeo1-d5abd2951c2999aebf266d53aa53f9b9{\nposition:relative;\n}\n.avia-section.av-jmeo1-d5abd2951c2999aebf266d53aa53f9b9 .av-parallax .av-parallax-inner{\nbackground-repeat:no-repeat;\nbackground-image:url(https:\/\/iona-wuppertal.de\/iona\/wp-content\/uploads\/2022\/05\/ostara-gesellschaftsspiel.jpg);\nbackground-position:50% 50%;\nbackground-attachment:scroll;\n}\n.avia-section.av-jmeo1-d5abd2951c2999aebf266d53aa53f9b9 .avia-divider-svg-bottom svg{\nheight:50px;\nfill:#ffffff;\n}\n<\/style>\n<div id='av_section_1'  class='avia-section av-jmeo1-d5abd2951c2999aebf266d53aa53f9b9 main_color avia-section-default avia-no-border-styling  avia-builder-el-0  el_before_av_section  avia-builder-el-first  avia-full-stretch av-parallax-section avia-bg-style-parallax av-minimum-height av-minimum-height-50 av-height-50  container_wrap fullsize'  data-section-bg-repeat='stretch' data-av_minimum_height_pc='50' data-av_min_height_opt='50'><div class='avia-divider-svg avia-divider-svg-tilt avia-divider-svg-bottom avia-svg-original'><svg xmlns=\"http:\/\/www.w3.org\/2000\/svg\" viewBox=\"0 0 1000 100\" preserveAspectRatio=\"none\">\n\t<path d=\"M0,6V0h1000v100L0,6z\"\/>\n<\/svg><\/div><div class='av-parallax' data-avia-parallax-ratio='0.3' ><div class='av-parallax-inner main_color avia-full-stretch'><\/div><\/div><div class='container av-section-cont-open' ><main  role=\"main\" itemprop=\"mainContentOfPage\"  class='template-page content  av-content-full alpha units'><div class='post-entry post-entry-type-page post-entry-145'><div class='entry-content-wrapper clearfix'>\n<\/div><\/div><\/main><!-- close content main element --><\/div><\/div>\n<style type=\"text\/css\" data-created_by=\"avia_inline_auto\" id=\"style-css-av-dqvp5-436b38e79cceba48e1bb059502a7508c\">\n.avia-section.av-dqvp5-436b38e79cceba48e1bb059502a7508c{\nposition:relative;\n}\n.avia-section.av-dqvp5-436b38e79cceba48e1bb059502a7508c .avia-divider-svg-top svg{\nheight:50px;\nopacity:1;\nfill:#ffffff;\n}\n<\/style>\n<div id='av_section_2'  class='avia-section av-dqvp5-436b38e79cceba48e1bb059502a7508c main_color avia-section-default avia-no-border-styling  avia-builder-el-1  el_after_av_section  avia-builder-el-last  avia-bg-style-scroll container_wrap fullsize'  ><div class='avia-divider-svg avia-divider-svg-tilt avia-divider-svg-top avia-to-front avia-svg-original'><svg xmlns=\"http:\/\/www.w3.org\/2000\/svg\" viewBox=\"0 0 1000 100\" preserveAspectRatio=\"none\">\n\t<path d=\"M0,6V0h1000v100L0,6z\"\/>\n<\/svg><\/div><div class='container av-section-cont-open' ><div class='template-page content  av-content-full alpha units'><div class='post-entry post-entry-type-page post-entry-145'><div class='entry-content-wrapper clearfix'>\n\n<style type=\"text\/css\" data-created_by=\"avia_inline_auto\" id=\"style-css-av-9mch5-04c64d6e39f8f59c102a538f2efe61a8\">\n.flex_column.av-9mch5-04c64d6e39f8f59c102a538f2efe61a8{\npadding:3% 3% 3% 3%;\n}\n<\/style>\n<div  class='flex_column av-9mch5-04c64d6e39f8f59c102a538f2efe61a8 av_one_full  avia-builder-el-2  avia-builder-el-no-sibling  first flex_column_div  '     ><p>\n<style type=\"text\/css\" data-created_by=\"avia_inline_auto\" id=\"style-css-av-l2g9vzu1-95872b86219e8a4ae4fd9a675cc4624b\">\n#top .av-special-heading.av-l2g9vzu1-95872b86219e8a4ae4fd9a675cc4624b{\npadding-bottom:10px;\ncolor:#007a5a;\n}\nbody .av-special-heading.av-l2g9vzu1-95872b86219e8a4ae4fd9a675cc4624b .av-special-heading-tag .heading-char{\nfont-size:25px;\n}\n.av-special-heading.av-l2g9vzu1-95872b86219e8a4ae4fd9a675cc4624b .special-heading-inner-border{\nborder-color:#007a5a;\n}\n.av-special-heading.av-l2g9vzu1-95872b86219e8a4ae4fd9a675cc4624b .av-subheading{\nfont-size:15px;\n}\n<\/style>\n<div  class='av-special-heading av-l2g9vzu1-95872b86219e8a4ae4fd9a675cc4624b av-special-heading-h4 custom-color-heading blockquote modern-quote  avia-builder-el-3  el_before_av_textblock  avia-builder-el-first '><h4 class='av-special-heading-tag'  itemprop=\"headline\"  >Tagesstruktur<\/h4><div class=\"special-heading-border\"><div class=\"special-heading-inner-border\"><\/div><\/div><\/div><br \/>\n\n<style type=\"text\/css\" data-created_by=\"avia_inline_auto\" id=\"style-css-av-l2g9ueey-f60ab0c34f13453f0deaf491bdd707f8\">\n#top .av_textblock_section.av-l2g9ueey-f60ab0c34f13453f0deaf491bdd707f8 .avia_textblock{\nfont-size:17px;\n}\n<\/style>\n<section  class='av_textblock_section av-l2g9ueey-f60ab0c34f13453f0deaf491bdd707f8 '   itemscope=\"itemscope\" itemtype=\"https:\/\/schema.org\/CreativeWork\" ><div class='avia_textblock'  itemprop=\"text\" ><p><strong>Gemeinschaft nach einem Arbeitsleben<\/strong><\/p>\n<p>In unserem Haus Ostara wird eine Tagesstruktur f\u00fcr alt gewordene seelenpflege-bed\u00fcrftige Menschen angeboten. Sie ist dem Wohnbereich angegliedert und bietet nach dem Austritt aus dem Arbeitsleben weiterhin Geborgenheit und Gemeinschaft. Ein Schwerpunkt dabei ist das Erarbeiten und Durchf\u00fchren von sinnvollen T\u00e4tigkeiten entsprechend den M\u00f6glichkeiten und Bed\u00fcrfnissen auf freiwilliger Basis. Eine Palette von verschiedenen Angeboten f\u00fcr alt gewordene Menschen mit geistiger Behinderung bietet die Grundlage f\u00fcr ein erf\u00fclltes Leben bis ins hohe Alter.<\/p>\n<\/div><\/section><br \/>\n<div  class='hr av-l2g9vph8-2b81240ad882fc742fbf30aabd8b6ddb hr-short  avia-builder-el-5  el_after_av_textblock  el_before_av_textblock  hr-left'><span class='hr-inner '><span class=\"hr-inner-style\"><\/span><\/span><\/div><br \/>\n\n<style type=\"text\/css\" data-created_by=\"avia_inline_auto\" id=\"style-css-av-l2g9ul48-8d99cea6253871bb72e8cfbb7397cebb\">\n#top .av_textblock_section.av-l2g9ul48-8d99cea6253871bb72e8cfbb7397cebb .avia_textblock{\nfont-size:17px;\n}\n<\/style>\n<section  class='av_textblock_section av-l2g9ul48-8d99cea6253871bb72e8cfbb7397cebb '   itemscope=\"itemscope\" itemtype=\"https:\/\/schema.org\/CreativeWork\" ><div class='avia_textblock'  itemprop=\"text\" ><p><strong>Selbst\u00e4ndig \u00fcber die Freizeit entscheiden<\/strong><\/p>\n<p>Unsere Arbeit ist gepr\u00e4gt durch Akzeptanz und Verst\u00e4ndnis gegen\u00fcber F\u00e4higkeiten, Fertigkeiten und W\u00fcnschen der seelenpflege-bed\u00fcrftigen Menschen. Entscheidungen \u00fcber den Ablauf des t\u00e4glichen Lebens in der Tagesstruktur k\u00f6nnen weitgehend selbst getroffen werden. Neben hauswirtschaftlichen T\u00e4tigkeiten werden haupts\u00e4chlich Angebote wahrgenommen, die dem k\u00f6rperlichen, psychischen und sozialen Wohlbefinden dienen.<\/p>\n<\/div><\/section><\/p><\/div>\n","protected":false},"excerpt":{"rendered":"","protected":false},"author":1,"featured_media":0,"parent":0,"menu_order":0,"comment_status":"closed","ping_status":"closed","template":"","meta":{"footnotes":""},"class_list":["post-145","page","type-page","status-publish","hentry"],"_links":{"self":[{"href":"https:\/\/iona-wuppertal.de\/iona\/wp-json\/wp\/v2\/pages\/145","targetHints":{"allow":["GET"]}}],"collection":[{"href":"https:\/\/iona-wuppertal.de\/iona\/wp-json\/wp\/v2\/pages"}],"about":[{"href":"https:\/\/iona-wuppertal.de\/iona\/wp-json\/wp\/v2\/types\/page"}],"author":[{"embeddable":true,"href":"https:\/\/iona-wuppertal.de\/iona\/wp-json\/wp\/v2\/users\/1"}],"replies":[{"embeddable":true,"href":"https:\/\/iona-wuppertal.de\/iona\/wp-json\/wp\/v2\/comments?post=145"}],"version-history":[{"count":5,"href":"https:\/\/iona-wuppertal.de\/iona\/wp-json\/wp\/v2\/pages\/145\/revisions"}],"predecessor-version":[{"id":418,"href":"https:\/\/iona-wuppertal.de\/iona\/wp-json\/wp\/v2\/pages\/145\/revisions\/418"}],"wp:attachment":[{"href":"https:\/\/iona-wuppertal.de\/iona\/wp-json\/wp\/v2\/media?parent=145"}],"curies":[{"name":"wp","href":"https:\/\/api.w.org\/{rel}","templated":true}]}}